{"id":10,"date":"2025-09-23T09:11:50","date_gmt":"2025-09-23T09:11:50","guid":{"rendered":"https:\/\/viktor.ivankovic.ifzg.hr\/?page_id=10"},"modified":"2025-09-23T12:13:04","modified_gmt":"2025-09-23T12:13:04","slug":"publications","status":"publish","type":"page","link":"https:\/\/viktor.ivankovic.ifzg.hr\/index.php\/publications\/","title":{"rendered":"Publications"},"content":{"rendered":"\n<p><em><strong>Articles and Book Chapters<\/strong><\/em><\/p>\n\n\n\n<p>Ivankovi\u0107 V. and Kudlek, K. 2025. Nudges, norms and moral progress. <em>Mind &amp; Society<\/em>. doi: 10.1007\/s11299-025-00337-w<\/p>\n\n\n\n<p>Ivankovi\u0107, V. and Moles, A. 2025. The inevitability argument for choice architecture and the evidence-based view. <em>Behavioural Public Policy<\/em>. doi: 10.1017\/bpp.2025.1<\/p>\n\n\n\n<p>Engelen, B. and Ivankovi\u0107, V. 2025. What I Really, Really Want: The Role, Nature, and Value of True Preferences in the Ethics of Nudging. <em>Journal of Applied Philosophy<\/em> 42 (4): 1127-1150. doi: 10.1111\/japp.12784<\/p>\n\n\n\n<p>Ivankovi\u0107, V. 2024. What (if anything) morally separates environmental from neurochemical behavioral interventions? <em>Neuroethics<\/em> 17, 6. doi: 10.1007\/s12152-023-09540-3<\/p>\n\n\n\n<p>Ivankovi\u0107, V. and Engelen, B. 2024. Market nudges and autonomy. <em>Economics and Philosophy<\/em> 40 (1): 138\u2013165. doi: 10.1017\/S0266267122000347<\/p>\n\n\n\n<p>Ivankovi\u0107 V. 2023. <em>O manipulativnosti psiholo\u0161ke dr\u017eave<\/em>. Zagreb: Institut za filozofiju.<\/p>\n\n\n\n<p>Ivankovi\u0107, V. 2023. Nudging School Discipline, in <em>Pedagogies of Punishment: The Ethics of Discipline in Education<\/em>, eds. Thompson, W.C. and Tillson, J., 236-254, London: Bloomsbury Publishing.<\/p>\n\n\n\n<p>Joli\u0107, T. and Ivankovi\u0107, V. 2022. Kruno Krsti\u0107 o narodu, naciji i su\u017eivljavanju (Kruno Krsti\u0107 on peoples, nations and cohabitation). <em>Prilozi za istra\u017eivanje hrvatske filozofske ba\u0161tine<\/em> 48 (2): 327-346. doi: 10.52685\/pihfb.48.2(96).3<\/p>\n\n\n\n<p>Ivankovi\u0107, V. and Savi\u0107, L. 2022. Three Harm-Based Arguments for a Moral Obligation to Vaccinate. <em>Health Care Analysis<\/em> 30 (1): 18-34. doi: 10.1007\/s10728-021-00437-x<\/p>\n\n\n\n<p>Ivankovi\u0107, V. and Savi\u0107, L. 2021. Deferring to Expertise in Public Health Emergencies, in <em>Political Philosophy in a Pandemic: Routes to a More Just Future<\/em>, eds. Niker, F. and Bhattacharya, A., 191-204, London, New York: Bloomsbury Publishing. doi: 10.5040\/9781350225930.ch-015<\/p>\n\n\n\n<p>Ivankovi\u0107, V. and Savi\u0107, L. 2021. Depresija i vo\u0111eni pristanak. <em>Prolegomena<\/em> 20 (1): 51-74. doi:&nbsp; 10.26362\/20210103<\/p>\n\n\n\n<p>Milne, O. and Ivankovi\u0107, V. 2021. Computer game design and moral engagement: How mechanics take over, in <em>Philosophy, Play and Performance<\/em>, eds. MacLean, M., Russell, W. and Ryall E., 156-169, New York: Routledge. doi: 10.4324\/9780429323737-15<\/p>\n\n\n\n<p>Ivankovi\u0107, V. and Savi\u0107, L. 2020. Does Mental Discipline Partially Restore the Responsibility of BCI Users? <em>AJOB Neuroscience<\/em> 11 (1): 67-70. doi: 10.1080\/21507740.2019.1704922<\/p>\n\n\n\n<p>Ivankovi\u0107, V. and Engelen, B. 2019. Nudging, Transparency, and Watchfulness. <em>Social Theory and Practice<\/em> 45 (1): 43-73. doi: 10.5840\/soctheorpract20191751<\/p>\n\n\n\n<p>Archer, A., Engelen, B., and Ivankovi\u0107, V. 2019. Effective Vote Markets and the Tyranny of Wealth. <em>Res Publica<\/em> 25 (1): 39-54. doi: 10.1007\/s11158-017-9371-4<\/p>\n\n\n\n<p>Savi\u0107, L. and Ivankovi\u0107, V. 2018. Against the integrative turn in bioethics: burdens of understanding. <em>Medicine, Health Care and Philosophy<\/em> 21 (2): 265-276. doi: 10.1007\/s11019-017-9799-5<\/p>\n\n\n\n<p>Ivankovi\u0107, V. 2016. Steering Clear of Bullshit? The Problem of Obscurantism. <em>Philosophia <\/em>44 (2): 531-546. doi: 10.1007\/s11406-016-9709-8<\/p>\n\n\n\n<p>Ivankovi\u0107, V. and Savi\u0107, L. 2016. Integrative Bioethics: A Conceptually Inconsistent Project. <em>Bioethics<\/em> 30 (5): 325-335. doi: 10.1111\/bioe.12235<\/p>\n\n\n\n<p>Ivankovi\u0107, V. 2016. Christiano\u2019s Deliberative Expertism and Choice Architecture. <em>Annals of the Croatian Political Science Association<\/em> 12 (1) (Special Issue: Thomas Christiano\u2019s political theory: an exchange): 79-97. doi: 10.20901\/an.12.06<\/p>\n\n\n\n<p>Ivankovi\u0107, V. 2015, Ima li nade za nudge? Prisilni, libertarijanski i anti- paternalizam. <em>Zbornik radova s me\u0111unarodnog studentskog simpozija \u201cKontrola? Sloboda? Subjekt?\u201d<\/em>: 77-96.<\/p>\n\n\n\n<p>Baccarini, E. and Ivankovi\u0107, V. 2015. Mill\u2019s Case for Plural Voting and the Need for Balanced Public Decisions. <em>Prolegomena <\/em>14 (2): 137-156<\/p>\n\n\n\n<p><em><strong>Book Reviews and Popular Publications<\/strong><\/em><\/p>\n\n\n\n<p>Ivankovi\u0107, V. 2022. Jos\u00e9 Luis Berm\u00fadez, Frame It Again: New Tools for Rational Decision-Making, (Cambridge University Press, 2020), x + 330 pp. <em>European Journal of Analytic Philosophy<\/em> 18 (1): x3-10.<\/p>\n\n\n\n<p>Ivankovi\u0107, V. 2021. Elvio Baccarini, In a Better World? Public Reason and Biotechnologies (Rijeka: Filozofski fakultet u Rijeci, 2015), 170 pp. <em>Prilozi za istra\u017eivanje hrvatske filozofske ba\u0161tine<\/em> 47 (2): 511-523.<\/p>\n\n\n\n<p>Ivankovi\u0107, V. and Bo\u017eac, Z. 2016. Severed Heads, Dirty Hands, in Ultimate Game of Thrones and Philosophy: You Think or Die, eds. Silverman, E.J. and Arp, R., 225-231, Chicago: Open Court.<\/p>\n\n\n\n<p>Ivankovi\u0107, V. 2012. G. A. Cohen: Socijalizam \u2013 za\u0161to ne? (Why Not Socialism?) (Book review). <em>Croatian Journal of Philosophy<\/em> 12 (1): 116-119.<\/p>\n","protected":false},"excerpt":{"rendered":"<p>Articles and Book Chapters Ivankovi\u0107 V. and Kudlek, K. 2025. Nudges, norms and moral progress. Mind &amp; Society. doi: 10.1007\/s11299-025-00337-w Ivankovi\u0107, V. and Moles, A. 2025. The inevitability argument for choice architecture and the evidence-based view. Behavioural Public Policy. doi: 10.1017\/bpp.2025.1 Engelen, B. and Ivankovi\u0107, V. 2025. What I Really, Really Want: The Role, Nature, [&hellip;]<\/p>\n","protected":false},"author":2,"featured_media":0,"parent":0,"menu_order":0,"comment_status":"closed","ping_status":"closed","template":"","meta":{"footnotes":""},"class_list":["post-10","page","type-page","status-publish","hentry"],"_links":{"self":[{"href":"https:\/\/viktor.ivankovic.ifzg.hr\/index.php\/wp-json\/wp\/v2\/pages\/10","targetHints":{"allow":["GET"]}}],"collection":[{"href":"https:\/\/viktor.ivankovic.ifzg.hr\/index.php\/wp-json\/wp\/v2\/pages"}],"about":[{"href":"https:\/\/viktor.ivankovic.ifzg.hr\/index.php\/wp-json\/wp\/v2\/types\/page"}],"author":[{"embeddable":true,"href":"https:\/\/viktor.ivankovic.ifzg.hr\/index.php\/wp-json\/wp\/v2\/users\/2"}],"replies":[{"embeddable":true,"href":"https:\/\/viktor.ivankovic.ifzg.hr\/index.php\/wp-json\/wp\/v2\/comments?post=10"}],"version-history":[{"count":2,"href":"https:\/\/viktor.ivankovic.ifzg.hr\/index.php\/wp-json\/wp\/v2\/pages\/10\/revisions"}],"predecessor-version":[{"id":22,"href":"https:\/\/viktor.ivankovic.ifzg.hr\/index.php\/wp-json\/wp\/v2\/pages\/10\/revisions\/22"}],"wp:attachment":[{"href":"https:\/\/viktor.ivankovic.ifzg.hr\/index.php\/wp-json\/wp\/v2\/media?parent=10"}],"curies":[{"name":"wp","href":"https:\/\/api.w.org\/{rel}","templated":true}]}}